{"id":888,"date":"2024-11-13T23:09:12","date_gmt":"2024-11-13T23:09:12","guid":{"rendered":"https:\/\/seniorlifepharmacy.com\/areas-a-las-que-servimos\/pensilvania\/"},"modified":"2024-11-21T19:30:24","modified_gmt":"2024-11-21T19:30:24","slug":"pensilvania","status":"publish","type":"page","link":"https:\/\/seniorlifepharmacy.com\/es\/areas-a-las-que-servimos\/pensilvania\/","title":{"rendered":"Pensilvania"},"content":{"rendered":"<h3>Bienvenido a Senior Life Pharmacy<\/h3>\n<h1>Pensilvania  <\/h1>\n<p>Donde damos prioridad a la salud y el bienestar de las personas mayores de toda Pensilvania.<\/p>\n<h2> <\/h2>\n<p>.<\/p>\n<p>\t\t\t<a href=\"tel:+1%20(844)%20933-5433\"><br \/>\n\t\t\t\t\t\t\t\t\tContacta con nosotros<br \/>\n\t\t\t\t\t<\/a><br \/>\n\t\t\t\t\t\t\t\t\t\t\t\t\t<img fetchpriority=\"high\" decoding=\"async\" width=\"1298\" height=\"975\" src=\"https:\/\/seniorlifepharmacy.com\/wp-content\/uploads\/2024\/10\/photo_ourmision-e1728412714391.webp\" alt=\"mississippi\" srcset=\"https:\/\/seniorlifepharmacy.com\/wp-content\/uploads\/2024\/10\/photo_ourmision-e1728412714391.webp 1298w, https:\/\/seniorlifepharmacy.com\/wp-content\/uploads\/2024\/10\/photo_ourmision-e1728412714391-300x225.webp 300w, https:\/\/seniorlifepharmacy.com\/wp-content\/uploads\/2024\/10\/photo_ourmision-e1728412714391-1024x769.webp 1024w, https:\/\/seniorlifepharmacy.com\/wp-content\/uploads\/2024\/10\/photo_ourmision-e1728412714391-768x577.webp 768w\" sizes=\"(max-width: 1298px) 100vw, 1298px\" \/>\t\t\t\t\t\t\t\t\t\t\t\t\t<\/p>\n<h2>Nuestra misi\u00f3n es simplificar la gesti\u00f3n de tu medicaci\u00f3n mediante un enfoque personalizado y basado en la tecnolog\u00eda.  <\/h2>\n<p>Comprendemos la importancia de un acceso f\u00e1cil a la <a href=\"http:\/\/seniorlifepharmacy.com\">atenci\u00f3n farmac\u00e9utica<\/a>, especialmente para quienes gestionan m\u00faltiples.<\/p>\n<p>\t\t\t<a href=\"\"><br \/>\n\t\t\t\t\t\t\t\t\tLl\u00e1manos<br \/>\n\t\t\t\t\t<\/a><\/p>\n<h3>Con Senior Life Pharmacy, puedes estar seguro de que tus necesidades sanitarias se tratar\u00e1n con precisi\u00f3n y atenci\u00f3n personalizada, garantizando una experiencia perfecta desde el principio.<\/h3>\n<figure><img decoding=\"async\" width=\"94\" height=\"94\" src=\"https:\/\/seniorlifepharmacy.com\/wp-content\/uploads\/2024\/10\/icon_techcare-copia.webp\" alt=\"\" \/><\/figure>\n<p>Nos dedicamos a hacer que la gesti\u00f3n de tu medicaci\u00f3n sea m\u00e1s f\u00e1cil y segura. Nuestros servicios a medida est\u00e1n dise\u00f1ados espec\u00edficamente para las personas mayores de Pensilvania, <b>asegur\u00e1ndonos de que puedan manejar su medicaci\u00f3n sin estr\u00e9s.<\/b> <\/p>\n<p>\t\t\t\t\t\t\t\t\t\t\t\t\t<img decoding=\"async\" width=\"1052\" height=\"1185\" src=\"https:\/\/seniorlifepharmacy.com\/wp-content\/uploads\/2024\/10\/newbox-e1728412868445.webp\" alt=\"newbox\" srcset=\"https:\/\/seniorlifepharmacy.com\/wp-content\/uploads\/2024\/10\/newbox-e1728412868445.webp 1052w, https:\/\/seniorlifepharmacy.com\/wp-content\/uploads\/2024\/10\/newbox-e1728412868445-266x300.webp 266w, https:\/\/seniorlifepharmacy.com\/wp-content\/uploads\/2024\/10\/newbox-e1728412868445-909x1024.webp 909w, https:\/\/seniorlifepharmacy.com\/wp-content\/uploads\/2024\/10\/newbox-e1728412868445-768x865.webp 768w\" sizes=\"(max-width: 1052px) 100vw, 1052px\" \/>\t\t\t\t\t\t\t\t\t\t\t\t\t<\/p>\n<h2>\u00bfPor qu\u00e9 elegir Senior Life Pharmacy?  <\/h2>\n<figure><img loading=\"lazy\" decoding=\"async\" width=\"134\" height=\"134\" src=\"https:\/\/seniorlifepharmacy.com\/wp-content\/uploads\/2024\/10\/Group-11-copia.webp\" alt=\"\" \/><\/figure>\n<h3>Medicaci\u00f3n personalizada.<\/h3>\n<p>Cada receta se organiza cuidadosamente y se personaliza seg\u00fan tus necesidades espec\u00edficas, fomentando la seguridad y la sencillez en tu rutina diaria.<\/p>\n<figure><img loading=\"lazy\" decoding=\"async\" width=\"134\" height=\"134\" src=\"https:\/\/seniorlifepharmacy.com\/wp-content\/uploads\/2024\/10\/Group-12-copia.webp\" alt=\"\" \/><\/figure>\n<h3>Env\u00edo r\u00e1pido y gratuito.<\/h3>\n<p>Est\u00e9s donde est\u00e9s en Pensilvania, nos aseguramos de que tus medicamentos lleguen a tu puerta r\u00e1pidamente y sin coste adicional.<\/p>\n<figure><img loading=\"lazy\" decoding=\"async\" width=\"134\" height=\"134\" src=\"https:\/\/seniorlifepharmacy.com\/wp-content\/uploads\/2024\/10\/Group-13-copia.webp\" alt=\"\" \/><\/figure>\n<h3>Cuidados impulsados por la tecnolog\u00eda.<\/h3>\n<p>Utilizando lo \u00faltimo en tecnolog\u00eda farmac\u00e9utica, agilizamos el proceso de gesti\u00f3n de la medicaci\u00f3n mediante sistemas automatizados y entregas preenvasadas, garantizando precisi\u00f3n y facilidad de uso en todo momento.<\/p>\n<p>\t\t\t\t\t\t\t\t\t\t\t\t\t<img loading=\"lazy\" decoding=\"async\" width=\"1306\" height=\"909\" src=\"https:\/\/seniorlifepharmacy.com\/wp-content\/uploads\/2024\/10\/pillbags.webp\" alt=\"\" srcset=\"https:\/\/seniorlifepharmacy.com\/wp-content\/uploads\/2024\/10\/pillbags.webp 1306w, https:\/\/seniorlifepharmacy.com\/wp-content\/uploads\/2024\/10\/pillbags-300x209.webp 300w, https:\/\/seniorlifepharmacy.com\/wp-content\/uploads\/2024\/10\/pillbags-1024x713.webp 1024w, https:\/\/seniorlifepharmacy.com\/wp-content\/uploads\/2024\/10\/pillbags-768x535.webp 768w\" sizes=\"(max-width: 1306px) 100vw, 1306px\" \/>\t\t\t\t\t\t\t\t\t\t\t\t\t<\/p>\n<h3>En Senior Life Pharmacy estamos orgullosos de servir a las comunidades de Pensilvania.<\/h3>\n<p>Nuestro compromiso es proporcionarte una atenci\u00f3n farmac\u00e9utica fiable, eficaz y personalizada, haciendo de tu salud nuestra m\u00e1xima prioridad.<\/p>\n<p>\t\t\t<a href=\"tel:+1%20(844)%20933-5433\"><br \/>\n\t\t\t\t\t\t\t\t\tLlama ahora<br \/>\n\t\t\t\t\t<\/a><\/p>\n<h2>La mejor opci\u00f3n de farmacia <br \/>para personas mayores en Pensilvania<\/h2>\n<p>\t\t\t\t\t\t\t\t\t\t\t\t\t<img loading=\"lazy\" decoding=\"async\" width=\"1357\" height=\"1548\" src=\"https:\/\/seniorlifepharmacy.com\/wp-content\/uploads\/2024\/10\/photo_Best-Pharmacy-Option.webp\" alt=\"\" srcset=\"https:\/\/seniorlifepharmacy.com\/wp-content\/uploads\/2024\/10\/photo_Best-Pharmacy-Option.webp 1357w, https:\/\/seniorlifepharmacy.com\/wp-content\/uploads\/2024\/10\/photo_Best-Pharmacy-Option-263x300.webp 263w, https:\/\/seniorlifepharmacy.com\/wp-content\/uploads\/2024\/10\/photo_Best-Pharmacy-Option-898x1024.webp 898w, https:\/\/seniorlifepharmacy.com\/wp-content\/uploads\/2024\/10\/photo_Best-Pharmacy-Option-768x876.webp 768w, https:\/\/seniorlifepharmacy.com\/wp-content\/uploads\/2024\/10\/photo_Best-Pharmacy-Option-1346x1536.webp 1346w\" sizes=\"(max-width: 1357px) 100vw, 1357px\" \/>\t\t\t\t\t\t\t\t\t\t\t\t\t<\/p>\n<h2>En Florida, Senior Life Pharmacy es tu socio de confianza para gestionar tus necesidades sanitarias con precisi\u00f3n y cuidado.  <\/h2>\n<p>Entendemos los retos \u00fanicos que conlleva el manejo de m\u00faltiples medicamentos, por eso nuestro servicio est\u00e1 adaptado para satisfacer las necesidades espec\u00edficas de las personas mayores de todo el estado.<\/p>\n<p>\t\t\t<a href=\"tel:+1%20(844)%20933-5433\"><br \/>\n\t\t\t\t\t\t\t\t\tLlama ahora<br \/>\n\t\t\t\t\t<\/a><\/p>\n","protected":false},"excerpt":{"rendered":"<p>Bienvenido a Senior Life Pharmacy Pensilvania Donde damos prioridad a la salud y el bienestar de las personas mayores de toda Pensilvania. . Contacta con nosotros Nuestra misi\u00f3n es simplificar la gesti\u00f3n de tu medicaci\u00f3n mediante un enfoque personalizado y basado en la tecnolog\u00eda. Comprendemos la importancia de un acceso f\u00e1cil a la atenci\u00f3n farmac\u00e9utica, especialmente para quienes gestionan m\u00faltiples. Ll\u00e1manos Con Senior Life Pharmacy, puedes estar seguro de que tus necesidades sanitarias se tratar\u00e1n con precisi\u00f3n y atenci\u00f3n personalizada, garantizando una experiencia perfecta desde el principio. Nos dedicamos a hacer que la gesti\u00f3n de tu medicaci\u00f3n sea m\u00e1s f\u00e1cil y segura. Nuestros servicios a medida est\u00e1n dise\u00f1ados espec\u00edficamente para las personas mayores de Pensilvania, asegur\u00e1ndonos de que puedan manejar su medicaci\u00f3n sin estr\u00e9s. \u00bfPor qu\u00e9 elegir Senior Life Pharmacy? Medicaci\u00f3n personalizada. Cada receta se organiza cuidadosamente y se personaliza seg\u00fan tus necesidades espec\u00edficas, fomentando la seguridad y la sencillez en tu rutina diaria. Env\u00edo r\u00e1pido y gratuito. Est\u00e9s donde est\u00e9s en Pensilvania, nos aseguramos de que tus medicamentos lleguen a tu puerta r\u00e1pidamente y sin coste adicional. Cuidados impulsados por la tecnolog\u00eda. Utilizando lo \u00faltimo en tecnolog\u00eda farmac\u00e9utica, agilizamos el proceso de gesti\u00f3n de la medicaci\u00f3n mediante sistemas automatizados y entregas preenvasadas, garantizando precisi\u00f3n y facilidad de uso en todo momento. En Senior Life Pharmacy estamos orgullosos de servir a las comunidades de Pensilvania. Nuestro compromiso es proporcionarte una atenci\u00f3n farmac\u00e9utica fiable, eficaz y personalizada, haciendo de tu salud nuestra m\u00e1xima prioridad. Llama ahora La mejor opci\u00f3n de farmacia para personas mayores en Pensilvania En Florida, Senior Life Pharmacy es tu socio de confianza para gestionar tus necesidades sanitarias con precisi\u00f3n y cuidado. Entendemos los retos \u00fanicos que conlleva el manejo de m\u00faltiples medicamentos, por eso nuestro servicio est\u00e1 adaptado para satisfacer las necesidades espec\u00edficas de las personas mayores de todo el estado. Llama ahora<\/p>\n","protected":false},"author":3,"featured_media":0,"parent":432,"menu_order":0,"comment_status":"closed","ping_status":"closed","template":"","meta":{"_acf_changed":false,"site-sidebar-layout":"no-sidebar","site-content-layout":"","ast-site-content-layout":"full-width-container","site-content-style":"default","site-sidebar-style":"default","ast-global-header-display":"","ast-banner-title-visibility":"","ast-main-header-display":"","ast-hfb-above-header-display":"","ast-hfb-below-header-display":"","ast-hfb-mobile-header-display":"","site-post-title":"disabled","ast-breadcrumbs-content":"","ast-featured-img":"disabled","footer-sml-layout":"","ast-disable-related-posts":"","theme-transparent-header-meta":"","adv-header-id-meta":"","stick-header-meta":"","header-above-stick-meta":"","header-main-stick-meta":"","header-below-stick-meta":"","astra-migrate-meta-layouts":"default","ast-page-background-enabled":"default","ast-page-background-meta":{"desktop":{"background-color":"var(--ast-global-color-4)","background-image":"","background-repeat":"repeat","background-position":"center center","background-size":"auto","background-attachment":"scroll","background-type":"","background-media":"","overlay-type":"","overlay-color":"","overlay-opacity":"","overlay-gradient":""},"tablet":{"background-color":"","background-image":"","background-repeat":"repeat","background-position":"center center","background-size":"auto","background-attachment":"scroll","background-type":"","background-media":"","overlay-type":"","overlay-color":"","overlay-opacity":"","overlay-gradient":""},"mobile":{"background-color":"","background-image":"","background-repeat":"repeat","background-position":"center center","background-size":"auto","background-attachment":"scroll","background-type":"","background-media":"","overlay-type":"","overlay-color":"","overlay-opacity":"","overlay-gradient":""}},"ast-content-background-meta":{"desktop":{"background-color":"var(--ast-global-color-5)","background-image":"","background-repeat":"repeat","background-position":"center center","background-size":"auto","background-attachment":"scroll","background-type":"","background-media":"","overlay-type":"","overlay-color":"","overlay-opacity":"","overlay-gradient":""},"tablet":{"background-color":"var(--ast-global-color-5)","background-image":"","background-repeat":"repeat","background-position":"center center","background-size":"auto","background-attachment":"scroll","background-type":"","background-media":"","overlay-type":"","overlay-color":"","overlay-opacity":"","overlay-gradient":""},"mobile":{"background-color":"var(--ast-global-color-5)","background-image":"","background-repeat":"repeat","background-position":"center center","background-size":"auto","background-attachment":"scroll","background-type":"","background-media":"","overlay-type":"","overlay-color":"","overlay-opacity":"","overlay-gradient":""}},"footnotes":""},"class_list":["post-888","page","type-page","status-publish","hentry"],"acf":[],"_links":{"self":[{"href":"https:\/\/seniorlifepharmacy.com\/es\/wp-json\/wp\/v2\/pages\/888","targetHints":{"allow":["GET"]}}],"collection":[{"href":"https:\/\/seniorlifepharmacy.com\/es\/wp-json\/wp\/v2\/pages"}],"about":[{"href":"https:\/\/seniorlifepharmacy.com\/es\/wp-json\/wp\/v2\/types\/page"}],"author":[{"embeddable":true,"href":"https:\/\/seniorlifepharmacy.com\/es\/wp-json\/wp\/v2\/users\/3"}],"replies":[{"embeddable":true,"href":"https:\/\/seniorlifepharmacy.com\/es\/wp-json\/wp\/v2\/comments?post=888"}],"version-history":[{"count":0,"href":"https:\/\/seniorlifepharmacy.com\/es\/wp-json\/wp\/v2\/pages\/888\/revisions"}],"up":[{"embeddable":true,"href":"https:\/\/seniorlifepharmacy.com\/es\/wp-json\/wp\/v2\/pages\/432"}],"wp:attachment":[{"href":"https:\/\/seniorlifepharmacy.com\/es\/wp-json\/wp\/v2\/media?parent=888"}],"curies":[{"name":"wp","href":"https:\/\/api.w.org\/{rel}","templated":true}]}}